{"id":155,"date":"2012-11-22T14:28:59","date_gmt":"2012-11-22T13:28:59","guid":{"rendered":"http:\/\/www.elevage-bovin-mauvinieres.fr\/?page_id=155"},"modified":"2025-01-21T10:43:17","modified_gmt":"2025-01-21T09:43:17","slug":"contact","status":"publish","type":"page","link":"http:\/\/www.elevage-bovin-mauvinieres.fr\/?page_id=155","title":{"rendered":"Contact"},"content":{"rendered":"<div style=\"padding-bottom:20px; padding-top:10px;\" class=\"hupso-share-buttons\"><!-- Hupso Share Buttons - https:\/\/www.hupso.com\/share\/ --><a class=\"hupso_toolbar\" href=\"https:\/\/www.hupso.com\/share\/\"><img decoding=\"async\" src=\"http:\/\/static.hupso.com\/share\/buttons\/lang\/fr\/share-small.png\" style=\"border:0px; padding-top: 5px; float:left;\" alt=\"Share Button\"\/><\/a><script type=\"text\/javascript\">var hupso_services_t=new Array(\"Twitter\",\"Facebook\",\"Google Plus\",\"Linkedin\",\"Email\",\"Print\");var hupso_background_t=\"#EAF4FF\";var hupso_border_t=\"#66CCFF\";var hupso_toolbar_size_t=\"small\";var hupso_image_folder_url = \"\";var hupso_url_t=\"\";var hupso_title_t=\"Contact\";<\/script><script type=\"text\/javascript\" src=\"http:\/\/static.hupso.com\/share\/js\/share_toolbar.js\"><\/script><!-- Hupso Share Buttons --><\/div><h1>B\u00e9atrice et Thierry Bassin<\/h1>\n<p><strong><span style=\"font-size: x-large;\">GAEC Les Mauvini\u00e8res<\/span><\/strong><br \/>\n<span style=\"font-size: x-large;\"> Les Mauvini\u00e8res<\/span><br \/>\n<span style=\"font-size: x-large;\"> 45260 Vieilles Maisons sur Joudry<\/span><\/p>\n<h4 style=\"text-align: center;\">Le lieu de livraison des colis est \u00e0 la ferme de<\/h4>\n<h4 style=\"text-align: center;\">Maison Rouge<\/h4>\n<h4 style=\"text-align: center;\">45260 VIEILLES MAISONS<\/h4>\n<p style=\"text-align: center;\">(C&rsquo;est juste \u00e0 cot\u00e9 des Mauvini\u00e8res)<\/p>\n<p>Vous pourrez admirer les vaches, veaux et les \u00e2nes de Papy!<\/p>\n<p><span style=\"font-size: x-large;\">n\u00b0 de tel : <strong>06.76.47.99.93<\/strong><\/span><\/p>\n<p><span style=\"font-size: x-large;\"><a href=\"mailto:t.bassin@orange.fr\">t.bassin@orange.fr<\/a><\/span><\/p>\n<p><span style=\"font-size: x-large;\">Nous trouver<\/span><\/p>\n<p><iframe loading=\"lazy\" src=\"https:\/\/maps.google.fr\/maps?f=q&amp;source=s_q&amp;hl=fr&amp;geocode=&amp;q=Les+Mauvini%C3%A8res+45260+Vieilles+Maisons&amp;aq=&amp;sll=47.643967,1.590573&amp;sspn=4.374481,13.392334&amp;ie=UTF8&amp;hq=&amp;hnear=Les+Mauvini%C3%A8res,+45260+Vieilles-Maisons,+Loiret,+Centre&amp;ll=47.879525,2.462661&amp;spn=0.068043,0.209255&amp;t=m&amp;z=13&amp;output=embed\" width=\"425\" height=\"350\" frameborder=\"0\" marginwidth=\"0\" marginheight=\"0\" scrolling=\"no\"><\/iframe><br \/>\n<small><a style=\"color: #0000ff; text-align: left;\" href=\"https:\/\/maps.google.fr\/maps?f=q&amp;source=embed&amp;hl=fr&amp;geocode=&amp;q=Les+Mauvini%C3%A8res+45260+Vieilles+Maisons&amp;aq=&amp;sll=47.643967,1.590573&amp;sspn=4.374481,13.392334&amp;ie=UTF8&amp;hq=&amp;hnear=Les+Mauvini%C3%A8res,+45260+Vieilles-Maisons,+Loiret,+Centre&amp;ll=47.879525,2.462661&amp;spn=0.068043,0.209255&amp;t=m&amp;z=13\">Agrandir le plan<\/a><\/small><\/p>\n<p><strong>Ce site a \u00e9t\u00e9 r\u00e9alis\u00e9 au cour d&rsquo;une formation propos\u00e9e par l&rsquo;AFOCG45.<\/strong><\/p>\n<p><strong>Un grand merci \u00e0 :<\/strong><\/p>\n<ul>\n<li>Marianne Roisin animatrice de l&rsquo;<a title=\"AFOCG45\" href=\"http:\/\/www.interafocg.org\/afocg45\" target=\"_blank\" rel=\"noopener\">AFOCG45<\/a><\/li>\n<\/ul>\n<ul>\n<li>Florentine N&rsquo;Gapele Coulibaly : consultante <a title=\"WEB SIDE\" href=\"http:\/\/www.web-side.fr\/#!\/accueil\" target=\"_blank\" rel=\"noopener\">WEB SIDE<\/a><\/li>\n<\/ul>\n<p>&nbsp;<\/p>\n<p>&nbsp;<\/p>\n<p><span style=\"font-size: xx-small;\"><strong>Mentions l\u00e9gales :<br \/>\nRaison sociale<br \/>\nNom&nbsp;: GAEC LES MAUVINIERES<\/strong><\/span><br \/>\n<span style=\"font-size: xx-small;\"> Adresse&nbsp;: Les Mauvini\u00e8res 45260 Vieilles Maisons<\/span><br \/>\n<span style=\"font-size: xx-small;\"> <strong>T\u00e9l. : <\/strong>06.86.66.74.21 <strong>Fax : <\/strong>02.38.92.31.84<\/span><br \/>\n<span style=\"font-size: xx-small;\"> <strong>E-mail : <\/strong>t.bassin@orange.fr<\/span><br \/>\n<span style=\"font-size: xx-small;\"> <strong>RCS : <\/strong>403&nbsp;756&nbsp;380 RCS ORLEANS<\/span><br \/>\n<span style=\"font-size: xx-small;\"> <strong>Num\u00e9ro de TVA : <\/strong>FR xxx<\/span><br \/>\n<span style=\"font-size: xx-small;\"> <strong>Code APE : <\/strong>0150Z<\/span><br \/>\n<span style=\"font-size: xx-small;\"> <strong>Directeur de la publication : B\u00e9atrice Bassin<br \/>\nTraitement des donn\u00e9es \u00e0 caract\u00e8re personnel<\/strong><\/span><br \/>\n<span style=\"font-size: xx-small;\"> <a href=\"..\/..\/..\/..\/..\/\">http:\/\/www.elevage-bovin-mauvinieres.fr\/<\/a> a fait l\u2019objet d\u2019une d\u00e9claration \u00e0 la Commission Nationale de l\u2019Informatique et des Libert\u00e9s (CNIL) sous le n\u00b0 xxxx<\/span><br \/>\n<span style=\"font-size: xx-small;\"> Conform\u00e9ment aux dispositions de la loi n\u00b0 78-17 du 6 janvier 1978 relative \u00e0 l\u2019informatique, aux fichiers et aux libert\u00e9s, vous disposez d\u2019un droit d\u2019acc\u00e8s, de modification, de rectification et de suppression des donn\u00e9es qui vous concernent. Pour demander une modification, rectification ou suppression des donn\u00e9es vous concernant, il vous suffit d\u2019envoyer un courrier par voie \u00e9lectronique ou postale au CIVA en justifiant de votre identit\u00e9.<\/span><br \/>\n<span style=\"font-size: xx-small;\"> <strong>Liens Hypertextes<\/strong><\/span><br \/>\n<span style=\"font-size: xx-small;\"> <a href=\"..\/..\/..\/..\/..\/\">http:\/\/www.elevage-bovin-mauvinieres.fr\/<\/a> propose de nombreux liens vers d\u2019autres sites. Nous indiquons syst\u00e9matiquement vers quel site nous vous proposons d\u2019aller. Cependant, ces pages web dont les adresses sont r\u00e9guli\u00e8rement v\u00e9rifi\u00e9es ne font pas partie du portail : elles n\u2019engagent pas la responsabilit\u00e9 de la r\u00e9daction du site.<\/span><br \/>\n<span style=\"font-size: xx-small;\"> <strong>\u00c9tablir un lien<\/strong><\/span><br \/>\n<span style=\"font-size: xx-small;\"> Tout site public ou priv\u00e9 est autoris\u00e9 \u00e0 \u00e9tablir, sans autorisation pr\u00e9alable, un lien vers les informations diffus\u00e9es sur <a href=\"..\/..\/..\/..\/..\/\">http:\/\/www.elevage-bovin-mauvinieres.fr\/<\/a>&nbsp;. En revanche, les pages du portail ne doivent pas \u00eatre imbriqu\u00e9es \u00e0 l\u2019int\u00e9rieur des pages d\u2019un autre site.<\/span><br \/>\n<span style=\"font-size: xx-small;\"> <strong>Copiright<\/strong><\/span><br \/>\n<span style=\"font-size: xx-small;\"> La charte graphique (illustrations, typographie, emplacements, dimensions des \u00e9l\u00e9ments, photos, etc.) du site <a href=\"..\/..\/..\/..\/..\/\">http:\/\/www.elevage-bovin-mauvinieres.fr\/<\/a> , est soumise aux droits d&rsquo;auteur et rel\u00e8ve en cons\u00e9quence des l\u00e9gislations fran\u00e7aises et internationales sur le droit d&rsquo;auteur et la propri\u00e9t\u00e9 intellectuelle. Tous les droits de reproduction sont r\u00e9serv\u00e9s, y compris pour les documents iconographiques et photographiques, donn\u00e9es personnelles.<\/span><br \/>\n<span style=\"font-size: xx-small;\"> <strong>Conception &#8211; H\u00e9bergement<br \/>\nB\u00e9atrice Bassin &#8211; OVH<\/strong><\/span><\/p>\n","protected":false},"excerpt":{"rendered":"<p>B\u00e9atrice et Thierry Bassin GAEC Les Mauvini\u00e8res Les Mauvini\u00e8res 45260 Vieilles Maisons sur Joudry Le lieu de livraison des colis est \u00e0 la ferme de Maison Rouge 45260 VIEILLES MAISONS (C&rsquo;est juste \u00e0 cot\u00e9 des Mauvini\u00e8res) Vous pourrez admirer les vaches, veaux et les \u00e2nes de Papy! n\u00b0 de tel : 06.76.47.99.93 t.bassin@orange.fr Nous trouver &hellip; <a href=\"http:\/\/www.elevage-bovin-mauvinieres.fr\/?page_id=155\" class=\"more-link\">Continuer la lecture de <span class=\"screen-reader-text\">Contact<\/span>  <span class=\"meta-nav\">&rarr;<\/span><\/a><\/p>\n","protected":false},"author":1,"featured_media":0,"parent":0,"menu_order":4,"comment_status":"closed","ping_status":"closed","template":"","meta":{"_monsterinsights_skip_tracking":false,"_monsterinsights_sitenote_active":false,"_monsterinsights_sitenote_note":"","_monsterinsights_sitenote_category":0,"ngg_post_thumbnail":0,"footnotes":""},"class_list":["post-155","page","type-page","status-publish","hentry"],"_links":{"self":[{"href":"http:\/\/www.elevage-bovin-mauvinieres.fr\/index.php?rest_route=\/wp\/v2\/pages\/155","targetHints":{"allow":["GET"]}}],"collection":[{"href":"http:\/\/www.elevage-bovin-mauvinieres.fr\/index.php?rest_route=\/wp\/v2\/pages"}],"about":[{"href":"http:\/\/www.elevage-bovin-mauvinieres.fr\/index.php?rest_route=\/wp\/v2\/types\/page"}],"author":[{"embeddable":true,"href":"http:\/\/www.elevage-bovin-mauvinieres.fr\/index.php?rest_route=\/wp\/v2\/users\/1"}],"replies":[{"embeddable":true,"href":"http:\/\/www.elevage-bovin-mauvinieres.fr\/index.php?rest_route=%2Fwp%2Fv2%2Fcomments&post=155"}],"version-history":[{"count":18,"href":"http:\/\/www.elevage-bovin-mauvinieres.fr\/index.php?rest_route=\/wp\/v2\/pages\/155\/revisions"}],"predecessor-version":[{"id":869,"href":"http:\/\/www.elevage-bovin-mauvinieres.fr\/index.php?rest_route=\/wp\/v2\/pages\/155\/revisions\/869"}],"wp:attachment":[{"href":"http:\/\/www.elevage-bovin-mauvinieres.fr\/index.php?rest_route=%2Fwp%2Fv2%2Fmedia&parent=155"}],"curies":[{"name":"wp","href":"https:\/\/api.w.org\/{rel}","templated":true}]}}