{"id":18,"date":"2012-10-02T16:33:53","date_gmt":"2012-10-02T15:33:53","guid":{"rendered":"http:\/\/www.elevage-bovin-mauvinieres.fr\/?page_id=18"},"modified":"2025-01-21T10:12:36","modified_gmt":"2025-01-21T09:12:36","slug":"presentation","status":"publish","type":"page","link":"http:\/\/www.elevage-bovin-mauvinieres.fr\/?page_id=18","title":{"rendered":"Commandes"},"content":{"rendered":"<div style=\"padding-bottom:20px; padding-top:10px;\" class=\"hupso-share-buttons\"><!-- Hupso Share Buttons - https:\/\/www.hupso.com\/share\/ --><a class=\"hupso_toolbar\" href=\"https:\/\/www.hupso.com\/share\/\"><img decoding=\"async\" src=\"http:\/\/static.hupso.com\/share\/buttons\/lang\/fr\/share-small.png\" style=\"border:0px; padding-top: 5px; float:left;\" alt=\"Share Button\"\/><\/a><script type=\"text\/javascript\">var hupso_services_t=new Array(\"Twitter\",\"Facebook\",\"Google Plus\",\"Linkedin\",\"Email\",\"Print\");var hupso_background_t=\"#EAF4FF\";var hupso_border_t=\"#66CCFF\";var hupso_toolbar_size_t=\"small\";var hupso_image_folder_url = \"\";var hupso_url_t=\"\";var hupso_title_t=\"Commandes\";<\/script><script type=\"text\/javascript\" src=\"http:\/\/static.hupso.com\/share\/js\/share_toolbar.js\"><\/script><!-- Hupso Share Buttons --><\/div><h6>Vous pouvez r\u00e9server en ligne vos colis :&nbsp;<\/h6>\n<h6>Si vous \u00e9crivez dans la barre de recherche \u00ab&nbsp;Ma boutique fermi\u00e8re Les Mauvini\u00e8res&nbsp;\u00bb, vous acc\u00e9derez au site de commande en ligne.<\/h6>\n<h6>https:\/\/www.maboutiquefermiere.fr\/lesmauvinieres<\/h6>\n<p>&nbsp;<\/p>\n<p>Vous pouvez <a title=\"Contact\" href=\"http:\/\/www.elevage-bovin-mauvinieres.fr\/?page_id=155\"><strong>r\u00e9server du veau ou du b\u0153uf toute l&rsquo;ann\u00e9e<\/strong><\/a>, nous vous inscrivons sur notre carnet de commande et nous vous recontactons pour vous fixer une date de livraison.<\/p>\n<p>N&rsquo;h\u00e9sitez pas \u00e0 en parler \u00e0 votre entourage pour grouper les commandes.<\/p>\n<p><em>Dans tous nos colis de veau ou de b\u0153uf, notre artisan boucher vous pr\u00e9pare et r\u00e9partit chaque morceau :<\/em><\/p>\n<p>&nbsp;<\/p>\n<table style=\"width: 278px; height: 372px;\" border=\"0\" cellspacing=\"0\" cellpadding=\"0\">\n<tbody>\n<tr>\n<td colspan=\"2\" valign=\"top\" width=\"155\"><em><span style=\"text-decoration: underline;\">Veau&nbsp;:<\/span><\/em><\/td>\n<\/tr>\n<tr>\n<td colspan=\"2\" valign=\"top\" width=\"155\">&#8211; <em>Escalope&nbsp; &#8211; <\/em><em>C\u00f4te&nbsp; <\/em>&nbsp; <em>&#8211; Blanquette<\/em> &#8211; <em>Tendron<\/em>&nbsp; <em>&#8211; r\u00f4ti &#8211; <em>t\u00eate &#8211; <\/em><em>pied <\/em>&#8211; <em>foie<\/em> &#8211; <em>chair<\/em>&nbsp; <em>&#8211; c\u0153ur<\/em><\/em><\/td>\n<\/tr>\n<tr>\n<td colspan=\"2\" valign=\"top\" width=\"155\"><em><span style=\"text-decoration: underline;\">B\u0153uf&nbsp;:<\/span><\/em><em>&nbsp;<\/em><\/td>\n<\/tr>\n<tr>\n<td colspan=\"2\" valign=\"top\" width=\"155\">&#8211; <em>c\u00f4te de b\u0153uf&nbsp;<\/em>&nbsp; <em>&#8211; entrec\u00f4te<\/em> &#8211; <em>steak viande courte<\/em>&nbsp; &#8211; <em>steak viande longue&nbsp;: bavette \/ hampe<\/em> &nbsp; &#8211; <em>faux-filet&nbsp; &#8211; <em>r\u00f4ti<\/em>&nbsp;&nbsp;&nbsp; &#8211; <em>filet<\/em> &#8211; <em>rumsteak<\/em>&nbsp; <em>&#8211; brais\u00e9<\/em> &#8211; <em>steak hach\u00e9<\/em> &#8211; <em>pot au feu<\/em>&nbsp; &#8211; <em>b\u0153uf mode<\/em>&#8211; <em>bourguignon<\/em><br \/>\n<\/em><\/td>\n<\/tr>\n<\/tbody>\n<\/table>\n<p>&nbsp;<\/p>\n","protected":false},"excerpt":{"rendered":"<p>Vous pouvez r\u00e9server en ligne vos colis :&nbsp; Si vous \u00e9crivez dans la barre de recherche \u00ab&nbsp;Ma boutique fermi\u00e8re Les Mauvini\u00e8res&nbsp;\u00bb, vous acc\u00e9derez au site de commande en ligne. https:\/\/www.maboutiquefermiere.fr\/lesmauvinieres &nbsp; Vous pouvez r\u00e9server du veau ou du b\u0153uf toute l&rsquo;ann\u00e9e, nous vous inscrivons sur notre carnet de commande et nous vous recontactons pour vous &hellip; <a href=\"http:\/\/www.elevage-bovin-mauvinieres.fr\/?page_id=18\" class=\"more-link\">Continuer la lecture de <span class=\"screen-reader-text\">Commandes<\/span>  <span class=\"meta-nav\">&rarr;<\/span><\/a><\/p>\n","protected":false},"author":1,"featured_media":0,"parent":0,"menu_order":3,"comment_status":"closed","ping_status":"closed","template":"","meta":{"_monsterinsights_skip_tracking":false,"_monsterinsights_sitenote_active":false,"_monsterinsights_sitenote_note":"","_monsterinsights_sitenote_category":0,"ngg_post_thumbnail":0,"footnotes":""},"class_list":["post-18","page","type-page","status-publish","hentry"],"_links":{"self":[{"href":"http:\/\/www.elevage-bovin-mauvinieres.fr\/index.php?rest_route=\/wp\/v2\/pages\/18","targetHints":{"allow":["GET"]}}],"collection":[{"href":"http:\/\/www.elevage-bovin-mauvinieres.fr\/index.php?rest_route=\/wp\/v2\/pages"}],"about":[{"href":"http:\/\/www.elevage-bovin-mauvinieres.fr\/index.php?rest_route=\/wp\/v2\/types\/page"}],"author":[{"embeddable":true,"href":"http:\/\/www.elevage-bovin-mauvinieres.fr\/index.php?rest_route=\/wp\/v2\/users\/1"}],"replies":[{"embeddable":true,"href":"http:\/\/www.elevage-bovin-mauvinieres.fr\/index.php?rest_route=%2Fwp%2Fv2%2Fcomments&post=18"}],"version-history":[{"count":98,"href":"http:\/\/www.elevage-bovin-mauvinieres.fr\/index.php?rest_route=\/wp\/v2\/pages\/18\/revisions"}],"predecessor-version":[{"id":855,"href":"http:\/\/www.elevage-bovin-mauvinieres.fr\/index.php?rest_route=\/wp\/v2\/pages\/18\/revisions\/855"}],"wp:attachment":[{"href":"http:\/\/www.elevage-bovin-mauvinieres.fr\/index.php?rest_route=%2Fwp%2Fv2%2Fmedia&parent=18"}],"curies":[{"name":"wp","href":"https:\/\/api.w.org\/{rel}","templated":true}]}}