{"id":342,"date":"2013-11-22T11:57:14","date_gmt":"2013-11-22T10:57:14","guid":{"rendered":"http:\/\/www.elevage-bovin-mauvinieres.fr\/?page_id=342"},"modified":"2026-02-12T12:18:49","modified_gmt":"2026-02-12T11:18:49","slug":"tarifs","status":"publish","type":"page","link":"https:\/\/www.elevage-bovin-mauvinieres.fr\/?page_id=342","title":{"rendered":"Tarifs 2025 \/ 2026"},"content":{"rendered":"<div style=\"padding-bottom:20px; padding-top:10px;\" class=\"hupso-share-buttons\"><!-- Hupso Share Buttons - https:\/\/www.hupso.com\/share\/ --><a class=\"hupso_toolbar\" href=\"https:\/\/www.hupso.com\/share\/\"><img decoding=\"async\" src=\"https:\/\/static.hupso.com\/share\/buttons\/lang\/fr\/share-small.png\" style=\"border:0px; padding-top: 5px; float:left;\" alt=\"Share Button\"\/><\/a><script type=\"text\/javascript\">var hupso_services_t=new Array(\"Twitter\",\"Facebook\",\"Google Plus\",\"Linkedin\",\"Email\",\"Print\");var hupso_background_t=\"#EAF4FF\";var hupso_border_t=\"#66CCFF\";var hupso_toolbar_size_t=\"small\";var hupso_image_folder_url = \"\";var hupso_url_t=\"\";var hupso_title_t=\"Tarifs%202025%20%2F%202026\";<\/script><script type=\"text\/javascript\" src=\"https:\/\/static.hupso.com\/share\/js\/share_toolbar.js\"><\/script><!-- Hupso Share Buttons --><\/div><h6>Vous pouvez r\u00e9server en ligne vos colis :&nbsp;<\/h6>\n<h6>Si vous \u00e9crivez dans la barre de recherche \u00ab&nbsp;Ma boutique fermi\u00e8re Les Mauvini\u00e8res&nbsp;\u00bb, vous acc\u00e9derez au site de commande en ligne.<\/h6>\n<h6>https:\/\/www.maboutiquefermiere.fr\/lesmauvinieres<\/h6>\n<pre><a href=\"http:\/\/www.elevage-bovin-mauvinieres.fr\/?page_id=18\">* d\u00e9tail des colis<\/a><\/pre>\n<h1 style=\"text-align: center;\">Tous les morceaux sont r\u00e9partis dans les colis : viande cuisson longue et cuisson rapide.<\/h1>\n<h1 style=\"text-align: center;\"><strong>Veau :<\/strong><\/h1>\n<h4 style=\"text-align: center;\">Colis de 5 kg de veau : 90,00\u20ac<\/h4>\n<h4 style=\"text-align: center;\">Colis de 5 kg de veau sous vide : 100,00\u20ac<\/h4>\n<p style=\"text-align: center;\">&nbsp;escalopes,&nbsp; r\u00f4ti,&nbsp; c\u00f4tes de veau,&nbsp; tendrons,&nbsp; blanquette.<\/p>\n<h4 style=\"text-align: center;\"><strong>Colis de 10 kg de veau : 170\u20ac<\/strong><\/h4>\n<h4 style=\"text-align: center;\"><strong>Colis de 10 kg de veau sous vide : 190\u20ac<\/strong><\/h4>\n<p style=\"text-align: center;\">escalopes,&nbsp; r\u00f4tis, c\u00f4tes de veau, tendrons, blanquette.<\/p>\n<h1 style=\"text-align: center;\"><strong>B\u0153uf :<\/strong><\/h1>\n<h4 style=\"text-align: center;\">Colis de 5kg tradition : 85,00\u20ac<\/h4>\n<h4 style=\"text-align: center;\">Colis de 5kg tradition sous vide : 95,00\u20ac<\/h4>\n<p style=\"text-align: center;\">&nbsp;steaks hach\u00e9s, faux filet, r\u00f4ti, steaks,&nbsp; pot au feu ou un b\u0153uf mode, bourguignon.<\/p>\n<h4 style=\"text-align: center;\">Colis de 10 kg de b\u0153uf tradition : 155\u20ac<\/h4>\n<h4 style=\"text-align: center;\">Colis de 10 kg de b\u0153uf tradition sous vide : 175\u20ac<\/h4>\n<p style=\"text-align: center;\">&nbsp;steaks hach\u00e9s,&nbsp; faux filet, r\u00f4ti,&nbsp; steaks,&nbsp; pot au feu , bourguignon.<\/p>\n<h4 style=\"text-align: center;\">Colis de 20 kg de b\u0153uf : 295\u20ac<\/h4>\n<h4 style=\"text-align: center;\">Colis de 20 kg de b\u0153uf sous vide: 335\u20ac<\/h4>\n<p style=\"text-align: center;\">steaks hach\u00e9s,&nbsp; r\u00f4ti,&nbsp; steaks, pot au feu , bourguignon. et une c\u00f4te de b\u0153uf .<\/p>\n<h4 style=\"text-align: center;\">Colis de 10 kg de b\u0153uf barbecue : 185\u20ac<\/h4>\n<h4 style=\"text-align: center;\">Colis de 10 kg de b\u0153uf barbecue sous vide : 205\u20ac<\/h4>\n<p style=\"text-align: center;\">1 c\u00f4te,&nbsp; bavettes, r\u00f4ti,&nbsp; steaks hach\u00e9s,&nbsp; merguez,&nbsp; chipolatas,&nbsp; saucisses de Toulouse.<\/p>\n<h4 style=\"text-align: center;\"><strong>Colis sous vide pour 2,00\u20ac\/kg en plus, <\/strong><\/h4>\n<h4 style=\"text-align: center;\"><strong>le sous vide est obligatoire pour une livraison le jeudi ou le vendredi.<br \/>\n<\/strong><\/h4>\n<p>&nbsp;<\/p>\n<p>&nbsp;<\/p>\n<p>&nbsp;<\/p>\n<p>&nbsp;<\/p>\n<p>&nbsp;<\/p>\n<p>&nbsp;<\/p>\n","protected":false},"excerpt":{"rendered":"<p>Vous pouvez r\u00e9server en ligne vos colis :&nbsp; Si vous \u00e9crivez dans la barre de recherche \u00ab&nbsp;Ma boutique fermi\u00e8re Les Mauvini\u00e8res&nbsp;\u00bb, vous acc\u00e9derez au site de commande en ligne. https:\/\/www.maboutiquefermiere.fr\/lesmauvinieres * d\u00e9tail des colis Tous les morceaux sont r\u00e9partis dans les colis : viande cuisson longue et cuisson rapide. Veau : Colis de 5 kg &hellip; <a href=\"https:\/\/www.elevage-bovin-mauvinieres.fr\/?page_id=342\" class=\"more-link\">Continuer la lecture de <span class=\"screen-reader-text\">Tarifs 2025 \/ 2026<\/span>  <span class=\"meta-nav\">&rarr;<\/span><\/a><\/p>\n","protected":false},"author":1,"featured_media":0,"parent":18,"menu_order":1,"comment_status":"closed","ping_status":"closed","template":"","meta":{"_monsterinsights_skip_tracking":false,"_monsterinsights_sitenote_active":false,"_monsterinsights_sitenote_note":"","_monsterinsights_sitenote_category":0,"ngg_post_thumbnail":0,"footnotes":""},"class_list":["post-342","page","type-page","status-publish","hentry"],"_links":{"self":[{"href":"https:\/\/www.elevage-bovin-mauvinieres.fr\/index.php?rest_route=\/wp\/v2\/pages\/342","targetHints":{"allow":["GET"]}}],"collection":[{"href":"https:\/\/www.elevage-bovin-mauvinieres.fr\/index.php?rest_route=\/wp\/v2\/pages"}],"about":[{"href":"https:\/\/www.elevage-bovin-mauvinieres.fr\/index.php?rest_route=\/wp\/v2\/types\/page"}],"author":[{"embeddable":true,"href":"https:\/\/www.elevage-bovin-mauvinieres.fr\/index.php?rest_route=\/wp\/v2\/users\/1"}],"replies":[{"embeddable":true,"href":"https:\/\/www.elevage-bovin-mauvinieres.fr\/index.php?rest_route=%2Fwp%2Fv2%2Fcomments&post=342"}],"version-history":[{"count":33,"href":"https:\/\/www.elevage-bovin-mauvinieres.fr\/index.php?rest_route=\/wp\/v2\/pages\/342\/revisions"}],"predecessor-version":[{"id":875,"href":"https:\/\/www.elevage-bovin-mauvinieres.fr\/index.php?rest_route=\/wp\/v2\/pages\/342\/revisions\/875"}],"up":[{"embeddable":true,"href":"https:\/\/www.elevage-bovin-mauvinieres.fr\/index.php?rest_route=\/wp\/v2\/pages\/18"}],"wp:attachment":[{"href":"https:\/\/www.elevage-bovin-mauvinieres.fr\/index.php?rest_route=%2Fwp%2Fv2%2Fmedia&parent=342"}],"curies":[{"name":"wp","href":"https:\/\/api.w.org\/{rel}","templated":true}]}}