{"id":350,"date":"2013-11-22T14:25:11","date_gmt":"2013-11-22T13:25:11","guid":{"rendered":"http:\/\/www.elevage-bovin-mauvinieres.fr\/?page_id=350"},"modified":"2014-09-12T15:11:21","modified_gmt":"2014-09-12T14:11:21","slug":"elevage-de-blondes-daquitaine","status":"publish","type":"page","link":"https:\/\/www.elevage-bovin-mauvinieres.fr\/?page_id=350","title":{"rendered":"Elevage de Blondes d&rsquo;Aquitaine"},"content":{"rendered":"<div style=\"padding-bottom:20px; padding-top:10px;\" class=\"hupso-share-buttons\"><!-- Hupso Share Buttons - https:\/\/www.hupso.com\/share\/ --><a class=\"hupso_toolbar\" href=\"https:\/\/www.hupso.com\/share\/\"><img decoding=\"async\" src=\"https:\/\/static.hupso.com\/share\/buttons\/lang\/fr\/share-small.png\" style=\"border:0px; padding-top: 5px; float:left;\" alt=\"Share Button\"\/><\/a><script type=\"text\/javascript\">var hupso_services_t=new Array(\"Twitter\",\"Facebook\",\"Google Plus\",\"Linkedin\",\"Email\",\"Print\");var hupso_background_t=\"#EAF4FF\";var hupso_border_t=\"#66CCFF\";var hupso_toolbar_size_t=\"small\";var hupso_image_folder_url = \"\";var hupso_url_t=\"\";var hupso_title_t=\"Elevage%20de%20Blondes%20d%27Aquitaine\";<\/script><script type=\"text\/javascript\" src=\"https:\/\/static.hupso.com\/share\/js\/share_toolbar.js\"><\/script><!-- Hupso Share Buttons --><\/div><h3>Choix\u00a0de la race Blonde d&rsquo;Aquitaine pour la vente directe :<\/h3>\n<p>La Blonde d&rsquo;Aquitaine est originaire du sud Ouest de La France, c&rsquo;est une race \u00e0 viande.<\/p>\n<p><a href=\"http:\/\/www.elevage-bovin-mauvinieres.fr\/wp-content\/uploads\/2012\/10\/IMG_3169.jpg\"><img loading=\"lazy\" decoding=\"async\" title=\"Veaux Blonde d'Aquitaine du mois de eptembre\" src=\"http:\/\/www.elevage-bovin-mauvinieres.fr\/wp-content\/uploads\/2012\/10\/IMG_3169-300x225.jpg\" alt=\"Le veau ros\u00e9 sous la m\u00e8re est une viande maigre.\" width=\"300\" height=\"225\" \/><\/a><\/p>\n<p>&nbsp;<\/p>\n<p>Les m\u00e8res allaitent\u00a0leur veau, elles n&rsquo;ont pas besoin d&rsquo;aide au v\u00ealage et sont tr\u00e8s maternelles.<\/p>\n<div>\n<dl id=\"attachment_62\">\n<dt><a href=\"http:\/\/www.elevage-bovin-mauvinieres.fr\/wp-content\/uploads\/2012\/10\/IMG_3139.jpg\"><img loading=\"lazy\" decoding=\"async\" title=\"jeune taureau \u00e0 l'herbe\" src=\"http:\/\/www.elevage-bovin-mauvinieres.fr\/wp-content\/uploads\/2012\/10\/IMG_3139-300x225.jpg\" alt=\"\" width=\"300\" height=\"225\" \/><\/a><\/dt>\n<dd>Elles\u00a0vivent en troupeau avec nos taureaux.<\/dd>\n<\/dl>\n<\/div>\n<p>L&rsquo;ensemble des animaux p\u00e2ture sur\u00a0140 hectares d&rsquo;herbages.<\/p>\n<p>Nous avons deux\u00a0taureaux : Fabuleux et Goupil.<\/p>\n<p>Tous nos taureaux viennent du Gers et sont inscrits dans la race Blonde d&rsquo;Aquitaine. Les \u00e9leveurs naisseurs participent \u00e0 des concours de mod\u00e8les en respectant tous les crit\u00e8res sp\u00e9cifiques de la race Blonde d&rsquo;Aquitaine. Le suivi et l&rsquo;am\u00e9lioration de la g\u00e9n\u00e9tique existent depuis plusieurs g\u00e9n\u00e9rations de taureaux.<\/p>\n<p>La nourriture varie en fonction des saisons, et de l&rsquo;\u00e2ge de chaque animal :<\/p>\n<ul>\n<li>le lait maternel<\/li>\n<li>de l&rsquo;herbe \u00e0 la belle saison<\/li>\n<li>du foin ou de la paille pendant la saison hivernale<\/li>\n<li>des c\u00e9r\u00e9ales de l&rsquo;exploitation : bl\u00e9 ou orge aplatie<\/li>\n<li>fourrage d\u00e9shydrat\u00e9<\/li>\n<\/ul>\n<p>&nbsp;<\/p>\n<p>&nbsp;<\/p>\n","protected":false},"excerpt":{"rendered":"<p>Choix\u00a0de la race Blonde d&rsquo;Aquitaine pour la vente directe : La Blonde d&rsquo;Aquitaine est originaire du sud Ouest de La France, c&rsquo;est une race \u00e0 viande. &nbsp; Les m\u00e8res allaitent\u00a0leur veau, elles n&rsquo;ont pas besoin d&rsquo;aide au v\u00ealage et sont tr\u00e8s maternelles. Elles\u00a0vivent en troupeau avec nos taureaux. L&rsquo;ensemble des animaux p\u00e2ture sur\u00a0140 hectares d&rsquo;herbages. &hellip; <a href=\"https:\/\/www.elevage-bovin-mauvinieres.fr\/?page_id=350\" class=\"more-link\">Continuer la lecture de <span class=\"screen-reader-text\">Elevage de Blondes d&rsquo;Aquitaine<\/span>  <span class=\"meta-nav\">&rarr;<\/span><\/a><\/p>\n","protected":false},"author":1,"featured_media":0,"parent":125,"menu_order":2,"comment_status":"closed","ping_status":"closed","template":"","meta":{"_monsterinsights_skip_tracking":false,"_monsterinsights_sitenote_active":false,"_monsterinsights_sitenote_note":"","_monsterinsights_sitenote_category":0,"ngg_post_thumbnail":0,"footnotes":""},"class_list":["post-350","page","type-page","status-publish","hentry"],"_links":{"self":[{"href":"https:\/\/www.elevage-bovin-mauvinieres.fr\/index.php?rest_route=\/wp\/v2\/pages\/350","targetHints":{"allow":["GET"]}}],"collection":[{"href":"https:\/\/www.elevage-bovin-mauvinieres.fr\/index.php?rest_route=\/wp\/v2\/pages"}],"about":[{"href":"https:\/\/www.elevage-bovin-mauvinieres.fr\/index.php?rest_route=\/wp\/v2\/types\/page"}],"author":[{"embeddable":true,"href":"https:\/\/www.elevage-bovin-mauvinieres.fr\/index.php?rest_route=\/wp\/v2\/users\/1"}],"replies":[{"embeddable":true,"href":"https:\/\/www.elevage-bovin-mauvinieres.fr\/index.php?rest_route=%2Fwp%2Fv2%2Fcomments&post=350"}],"version-history":[{"count":9,"href":"https:\/\/www.elevage-bovin-mauvinieres.fr\/index.php?rest_route=\/wp\/v2\/pages\/350\/revisions"}],"predecessor-version":[{"id":498,"href":"https:\/\/www.elevage-bovin-mauvinieres.fr\/index.php?rest_route=\/wp\/v2\/pages\/350\/revisions\/498"}],"up":[{"embeddable":true,"href":"https:\/\/www.elevage-bovin-mauvinieres.fr\/index.php?rest_route=\/wp\/v2\/pages\/125"}],"wp:attachment":[{"href":"https:\/\/www.elevage-bovin-mauvinieres.fr\/index.php?rest_route=%2Fwp%2Fv2%2Fmedia&parent=350"}],"curies":[{"name":"wp","href":"https:\/\/api.w.org\/{rel}","templated":true}]}}