{"id":364,"date":"2013-11-22T14:19:28","date_gmt":"2013-11-22T13:19:28","guid":{"rendered":"http:\/\/www.elevage-bovin-mauvinieres.fr\/?page_id=364"},"modified":"2022-12-06T10:48:09","modified_gmt":"2022-12-06T09:48:09","slug":"recommandations","status":"publish","type":"page","link":"https:\/\/www.elevage-bovin-mauvinieres.fr\/?page_id=364","title":{"rendered":"Recommandations"},"content":{"rendered":"<div style=\"padding-bottom:20px; padding-top:10px;\" class=\"hupso-share-buttons\"><!-- Hupso Share Buttons - https:\/\/www.hupso.com\/share\/ --><a class=\"hupso_toolbar\" href=\"https:\/\/www.hupso.com\/share\/\"><img decoding=\"async\" src=\"https:\/\/static.hupso.com\/share\/buttons\/lang\/fr\/share-small.png\" style=\"border:0px; padding-top: 5px; float:left;\" alt=\"Share Button\"\/><\/a><script type=\"text\/javascript\">var hupso_services_t=new Array(\"Twitter\",\"Facebook\",\"Google Plus\",\"Linkedin\",\"Email\",\"Print\");var hupso_background_t=\"#EAF4FF\";var hupso_border_t=\"#66CCFF\";var hupso_toolbar_size_t=\"small\";var hupso_image_folder_url = \"\";var hupso_url_t=\"\";var hupso_title_t=\"Recommandations\";<\/script><script type=\"text\/javascript\" src=\"https:\/\/static.hupso.com\/share\/js\/share_toolbar.js\"><\/script><!-- Hupso Share Buttons --><\/div><h1>&nbsp;<\/h1>\n<ul>\n<li>Pr\u00e9voyez de la place dans votre cong\u00e9lateur (2 \u00e0 4 tiroirs) et des sacs pour la cong\u00e9lation.<\/li>\n<li>Sortez la viande du cong\u00e9lateur la veille et laissez la d\u00e9geler tout doucement au r\u00e9frig\u00e9rateur, surtout pas de micro-onde!<\/li>\n<li>Pour la cuisson des steaks, attention de ne pas trop les faire cuire.<\/li>\n<li>Pour les plats familiaux, comme le bourguignon ou pot au feu&#8230;, prenez les conseils des mamies, plus la cuisson est longue meilleur sera le plat.<\/li>\n<li>achetez directement chez les producteurs locaux !<\/li>\n<\/ul>\n<p>&nbsp;<\/p>\n","protected":false},"excerpt":{"rendered":"<p>&nbsp; Pr\u00e9voyez de la place dans votre cong\u00e9lateur (2 \u00e0 4 tiroirs) et des sacs pour la cong\u00e9lation. Sortez la viande du cong\u00e9lateur la veille et laissez la d\u00e9geler tout doucement au r\u00e9frig\u00e9rateur, surtout pas de micro-onde! Pour la cuisson des steaks, attention de ne pas trop les faire cuire. Pour les plats familiaux, comme &hellip; <a href=\"https:\/\/www.elevage-bovin-mauvinieres.fr\/?page_id=364\" class=\"more-link\">Continuer la lecture de <span class=\"screen-reader-text\">Recommandations<\/span>  <span class=\"meta-nav\">&rarr;<\/span><\/a><\/p>\n","protected":false},"author":1,"featured_media":0,"parent":18,"menu_order":4,"comment_status":"closed","ping_status":"closed","template":"","meta":{"_monsterinsights_skip_tracking":false,"_monsterinsights_sitenote_active":false,"_monsterinsights_sitenote_note":"","_monsterinsights_sitenote_category":0,"ngg_post_thumbnail":0,"footnotes":""},"class_list":["post-364","page","type-page","status-publish","hentry"],"_links":{"self":[{"href":"https:\/\/www.elevage-bovin-mauvinieres.fr\/index.php?rest_route=\/wp\/v2\/pages\/364","targetHints":{"allow":["GET"]}}],"collection":[{"href":"https:\/\/www.elevage-bovin-mauvinieres.fr\/index.php?rest_route=\/wp\/v2\/pages"}],"about":[{"href":"https:\/\/www.elevage-bovin-mauvinieres.fr\/index.php?rest_route=\/wp\/v2\/types\/page"}],"author":[{"embeddable":true,"href":"https:\/\/www.elevage-bovin-mauvinieres.fr\/index.php?rest_route=\/wp\/v2\/users\/1"}],"replies":[{"embeddable":true,"href":"https:\/\/www.elevage-bovin-mauvinieres.fr\/index.php?rest_route=%2Fwp%2Fv2%2Fcomments&post=364"}],"version-history":[{"count":4,"href":"https:\/\/www.elevage-bovin-mauvinieres.fr\/index.php?rest_route=\/wp\/v2\/pages\/364\/revisions"}],"predecessor-version":[{"id":816,"href":"https:\/\/www.elevage-bovin-mauvinieres.fr\/index.php?rest_route=\/wp\/v2\/pages\/364\/revisions\/816"}],"up":[{"embeddable":true,"href":"https:\/\/www.elevage-bovin-mauvinieres.fr\/index.php?rest_route=\/wp\/v2\/pages\/18"}],"wp:attachment":[{"href":"https:\/\/www.elevage-bovin-mauvinieres.fr\/index.php?rest_route=%2Fwp%2Fv2%2Fmedia&parent=364"}],"curies":[{"name":"wp","href":"https:\/\/api.w.org\/{rel}","templated":true}]}}