{"id":787,"date":"2022-06-14T15:38:56","date_gmt":"2022-06-14T14:38:56","guid":{"rendered":"https:\/\/www.elevage-bovin-mauvinieres.fr\/?page_id=787"},"modified":"2026-02-12T12:23:08","modified_gmt":"2026-02-12T11:23:08","slug":"rando-ferme-2022-a-presnoy","status":"publish","type":"page","link":"https:\/\/www.elevage-bovin-mauvinieres.fr\/?page_id=787","title":{"rendered":"RANDO FERME 2026 A OUZOUER DES CHAMPS"},"content":{"rendered":"<div style=\"padding-bottom:20px; padding-top:10px;\" class=\"hupso-share-buttons\"><!-- Hupso Share Buttons - https:\/\/www.hupso.com\/share\/ --><a class=\"hupso_toolbar\" href=\"https:\/\/www.hupso.com\/share\/\"><img decoding=\"async\" src=\"https:\/\/static.hupso.com\/share\/buttons\/lang\/fr\/share-small.png\" style=\"border:0px; padding-top: 5px; float:left;\" alt=\"Share Button\"\/><\/a><script type=\"text\/javascript\">var hupso_services_t=new Array(\"Twitter\",\"Facebook\",\"Google Plus\",\"Linkedin\",\"Email\",\"Print\");var hupso_background_t=\"#EAF4FF\";var hupso_border_t=\"#66CCFF\";var hupso_toolbar_size_t=\"small\";var hupso_image_folder_url = \"\";var hupso_url_t=\"\";var hupso_title_t=\"RANDO%20FERME%202026%20A%20OUZOUER%20DES%20CHAMPS\";<\/script><script type=\"text\/javascript\" src=\"https:\/\/static.hupso.com\/share\/js\/share_toolbar.js\"><\/script><!-- Hupso Share Buttons --><\/div>\n<div class=\"canvasWrapper\">&nbsp;<\/div>\n<h1 class=\"textLayer\" style=\"text-align: center;\" data-main-rotation=\"0\"><span id=\"undefined\" class=\"markedContent\"><\/span><span id=\"page3R_mcid0\" class=\"markedContent\"><span dir=\"ltr\" role=\"presentation\">RDV : \u00ab<\/span><\/span><span id=\"page3R_mcid1\" class=\"markedContent\">&nbsp;<\/span>Nous sommes en train d&rsquo;organiser la randonn\u00e9e, surprise! <span id=\"page3R_mcid3\" class=\"markedContent\"><span dir=\"ltr\" role=\"presentation\">\u00bb<\/span><\/span><\/h1>\n<h1 style=\"text-align: center;\"><span id=\"page3R_mcid4\" class=\"markedContent\"><br role=\"presentation\"><\/span><span id=\"page3R_mcid7\" class=\"markedContent\"><br role=\"presentation\"><span dir=\"ltr\" role=\"presentation\">Dimanche 21 juin 2026, c&rsquo;est toujours le 3\u00e8me dimanche de juin, le jour de la f\u00eate des p\u00e8res!<\/span><\/span><span id=\"page3R_mcid8\" class=\"markedContent\"><\/span><\/h1>\n<h1 style=\"text-align: center;\"><span id=\"page3R_mcid8\" class=\"markedContent\"><br role=\"presentation\"><span dir=\"ltr\" role=\"presentation\">\u00c0 partir de 8 heures<\/span><\/span><span id=\"page3R_mcid9\" class=\"markedContent\"><br role=\"presentation\"><span dir=\"ltr\" role=\"presentation\">Randonn\u00e9e p\u00e9destre avec visite de ferme<\/span><\/span><span id=\"page3R_mcid10\" class=\"markedContent\"><br role=\"presentation\"><\/span><span id=\"page3R_mcid13\" class=\"markedContent\"><br role=\"presentation\"><span dir=\"ltr\" role=\"presentation\">Participation :<\/span><\/span><span id=\"page3R_mcid14\" class=\"markedContent\"> <span dir=\"ltr\" role=\"presentation\">4\u20ac par personne<\/span><\/span><span id=\"page3R_mcid15\" class=\"markedContent\"><span dir=\"ltr\" role=\"presentation\">, gratuit pour les moins de 12 ans<\/span><\/span><span id=\"page3R_mcid16\" class=\"markedContent\"><br role=\"presentation\"><span dir=\"ltr\" role=\"presentation\">Aire<\/span><\/span><span id=\"page3R_mcid17\" class=\"markedContent\"> <span dir=\"ltr\" role=\"presentation\">de pique<\/span><\/span><span id=\"page3R_mcid18\" class=\"markedContent\"><span dir=\"ltr\" role=\"presentation\">&#8211;<\/span><\/span><span id=\"page3R_mcid19\" class=\"markedContent\"><span dir=\"ltr\" role=\"presentation\">nique<\/span><\/span><span id=\"page3R_mcid20\" class=\"markedContent\"> <span dir=\"ltr\" role=\"presentation\">le midi<\/span><\/span><span id=\"page3R_mcid21\" class=\"markedContent\"><br role=\"presentation\"><span dir=\"ltr\" role=\"presentation\">Organis\u00e9e par les agriculteurs du GDA de Varennes<\/span><\/span><span id=\"page3R_mcid22\" class=\"markedContent\"><span dir=\"ltr\" role=\"presentation\">&#8211;<\/span><\/span><span id=\"page3R_mcid23\" class=\"markedContent\"><span dir=\"ltr\" role=\"presentation\">Lorris<\/span><\/span><span id=\"page3R_mcid24\" class=\"markedContent\"><br role=\"presentation\"><span dir=\"ltr\" role=\"presentation\">Renseignements au : <\/span><\/span><\/h1>\n<div class=\"textLayer\" style=\"text-align: center;\" data-main-rotation=\"0\"><span id=\"page3R_mcid24\" class=\"markedContent\"><span dir=\"ltr\" role=\"presentation\">06 77 00 52 68 <br><\/span><\/span><\/div>\n<div class=\"textLayer\" style=\"text-align: center;\" data-main-rotation=\"0\"><span id=\"page3R_mcid24\" class=\"markedContent\"><span dir=\"ltr\" role=\"presentation\"> 06 76 47 99 93 <br><\/span><\/span><\/div>\n<div class=\"textLayer\" style=\"text-align: center;\" data-main-rotation=\"0\"><span id=\"page3R_mcid24\" class=\"markedContent\"><span dir=\"ltr\" role=\"presentation\"> 06 34 45 17 27<\/span><\/span><span id=\"page3R_mcid25\" class=\"markedContent\"><\/span><span id=\"page3R_mcid26\" class=\"markedContent\"><\/span><span id=\"page3R_mcid27\" class=\"markedContent\"><\/span><span id=\"page3R_mcid28\" class=\"markedContent\"><\/span><span id=\"page3R_mcid29\" class=\"markedContent\"><\/span><span id=\"page3R_mcid30\" class=\"markedContent\"><\/span><span id=\"page3R_mcid31\" class=\"markedContent\"><br role=\"presentation\"><\/span><\/div>\n\n\n\n<figure class=\"wp-block-gallery has-nested-images columns-default is-cropped wp-block-gallery-1 is-layout-flex wp-block-gallery-is-layout-flex\"><\/figure>\n","protected":false},"excerpt":{"rendered":"<p>&nbsp; RDV : \u00ab&nbsp;Nous sommes en train d&rsquo;organiser la randonn\u00e9e, surprise! \u00bb Dimanche 21 juin 2026, c&rsquo;est toujours le 3\u00e8me dimanche de juin, le jour de la f\u00eate des p\u00e8res! \u00c0 partir de 8 heuresRandonn\u00e9e p\u00e9destre avec visite de fermeParticipation : 4\u20ac par personne, gratuit pour les moins de 12 ansAire de pique&#8211;nique le midiOrganis\u00e9e &hellip; <a href=\"https:\/\/www.elevage-bovin-mauvinieres.fr\/?page_id=787\" class=\"more-link\">Continuer la lecture de <span class=\"screen-reader-text\">RANDO FERME 2026 A OUZOUER DES CHAMPS<\/span>  <span class=\"meta-nav\">&rarr;<\/span><\/a><\/p>\n","protected":false},"author":1,"featured_media":0,"parent":0,"menu_order":0,"comment_status":"closed","ping_status":"closed","template":"page-templates\/full-width.php","meta":{"_monsterinsights_skip_tracking":false,"_monsterinsights_sitenote_active":false,"_monsterinsights_sitenote_note":"","_monsterinsights_sitenote_category":0,"ngg_post_thumbnail":0,"footnotes":""},"class_list":["post-787","page","type-page","status-publish","hentry"],"_links":{"self":[{"href":"https:\/\/www.elevage-bovin-mauvinieres.fr\/index.php?rest_route=\/wp\/v2\/pages\/787","targetHints":{"allow":["GET"]}}],"collection":[{"href":"https:\/\/www.elevage-bovin-mauvinieres.fr\/index.php?rest_route=\/wp\/v2\/pages"}],"about":[{"href":"https:\/\/www.elevage-bovin-mauvinieres.fr\/index.php?rest_route=\/wp\/v2\/types\/page"}],"author":[{"embeddable":true,"href":"https:\/\/www.elevage-bovin-mauvinieres.fr\/index.php?rest_route=\/wp\/v2\/users\/1"}],"replies":[{"embeddable":true,"href":"https:\/\/www.elevage-bovin-mauvinieres.fr\/index.php?rest_route=%2Fwp%2Fv2%2Fcomments&post=787"}],"version-history":[{"count":15,"href":"https:\/\/www.elevage-bovin-mauvinieres.fr\/index.php?rest_route=\/wp\/v2\/pages\/787\/revisions"}],"predecessor-version":[{"id":877,"href":"https:\/\/www.elevage-bovin-mauvinieres.fr\/index.php?rest_route=\/wp\/v2\/pages\/787\/revisions\/877"}],"wp:attachment":[{"href":"https:\/\/www.elevage-bovin-mauvinieres.fr\/index.php?rest_route=%2Fwp%2Fv2%2Fmedia&parent=787"}],"curies":[{"name":"wp","href":"https:\/\/api.w.org\/{rel}","templated":true}]}}